{"id":754,"date":"2026-02-13T10:13:05","date_gmt":"2026-02-13T09:13:05","guid":{"rendered":"https:\/\/www.lufo-info-day.de\/?page_id=754"},"modified":"2026-03-18T09:07:10","modified_gmt":"2026-03-18T08:07:10","slug":"programm","status":"publish","type":"page","link":"https:\/\/www.lufo-info-day.de\/index.php\/programm\/","title":{"rendered":"Programm"},"content":{"rendered":"\t\t<div data-elementor-type=\"wp-page\" data-elementor-id=\"754\" class=\"elementor elementor-754\" data-elementor-post-type=\"page\">\n\t\t\t\t<div class=\"elementor-element elementor-element-3364473 e-con-full e-flex e-con e-parent\" data-id=\"3364473\" data-element_type=\"container\" data-e-type=\"container\" data-settings=\"{&quot;background_background&quot;:&quot;classic&quot;}\">\n\t\t<div class=\"elementor-element elementor-element-a336e3e e-flex e-con-boxed e-con e-child\" data-id=\"a336e3e\" data-element_type=\"container\" data-e-type=\"container\">\n\t\t\t\t\t<div class=\"e-con-inner\">\n\t\t\t\t<div class=\"elementor-element elementor-element-34ac085 elementor-widget elementor-widget-heading\" data-id=\"34ac085\" data-element_type=\"widget\" data-e-type=\"widget\" data-widget_type=\"heading.default\">\n\t\t\t\t<div class=\"elementor-widget-container\">\n\t\t\t\t\t<h2 class=\"elementor-heading-title elementor-size-default\">LuFo Info Day 2026<\/h2>\t\t\t\t<\/div>\n\t\t\t\t<\/div>\n\t\t\t\t<div class=\"elementor-element elementor-element-5f27096 elementor-widget elementor-widget-heading\" data-id=\"5f27096\" data-element_type=\"widget\" data-e-type=\"widget\" data-widget_type=\"heading.default\">\n\t\t\t\t<div class=\"elementor-widget-container\">\n\t\t\t\t\t<h1 class=\"elementor-heading-title elementor-size-default\">Programm<\/h1>\t\t\t\t<\/div>\n\t\t\t\t<\/div>\n\t\t\t\t<div class=\"elementor-element elementor-element-ffd2fee elementor-widget elementor-widget-heading\" data-id=\"ffd2fee\" data-element_type=\"widget\" data-e-type=\"widget\" data-widget_type=\"heading.default\">\n\t\t\t\t<div class=\"elementor-widget-container\">\n\t\t\t\t\t<h3 class=\"elementor-heading-title elementor-size-default\">Der LuFo Info Day findet am 23. April 2026  statt \u2013 mit zahlreichen Highlights f\u00fcr Unternehmen, KMU, Universit\u00e4ten und Forschungseinrichtungen. Entdecken Sie hier das Programm der Veranstaltung.<\/h3>\t\t\t\t<\/div>\n\t\t\t\t<\/div>\n\t\t\t\t\t<\/div>\n\t\t\t\t<\/div>\n\t\t\t\t<\/div>\n\t\t<div class=\"elementor-element elementor-element-0eca26d e-flex e-con-boxed e-con e-parent\" data-id=\"0eca26d\" data-element_type=\"container\" data-e-type=\"container\">\n\t\t\t\t\t<div class=\"e-con-inner\">\n\t\t\t\t<div class=\"elementor-element elementor-element-41ffd45 elementor-widget elementor-widget-spacer\" data-id=\"41ffd45\" data-element_type=\"widget\" data-e-type=\"widget\" data-widget_type=\"spacer.default\">\n\t\t\t\t<div class=\"elementor-widget-container\">\n\t\t\t\t\t\t\t<div class=\"elementor-spacer\">\n\t\t\t<div class=\"elementor-spacer-inner\"><\/div>\n\t\t<\/div>\n\t\t\t\t\t\t<\/div>\n\t\t\t\t<\/div>\n\t\t\t\t<div class=\"elementor-element elementor-element-d43ccc6 elementor-widget elementor-widget-heading\" data-id=\"d43ccc6\" data-element_type=\"widget\" data-e-type=\"widget\" data-widget_type=\"heading.default\">\n\t\t\t\t<div class=\"elementor-widget-container\">\n\t\t\t\t\t<h2 class=\"elementor-heading-title elementor-size-default\">Agenda<\/h2>\t\t\t\t<\/div>\n\t\t\t\t<\/div>\n\t\t\t\t<div class=\"elementor-element elementor-element-c0894d4 elementor-widget elementor-widget-text-editor\" data-id=\"c0894d4\" data-element_type=\"widget\" data-e-type=\"widget\" data-widget_type=\"text-editor.default\">\n\t\t\t\t<div class=\"elementor-widget-container\">\n\t\t\t\t\t\t\t\t\t<p>ganzt\u00e4gig: Herstellerausstellung im Foyer, Posterausstellung im Gang vor Raum&nbsp;<\/p>\n<p><b>13:00 Er\u00f6ffnung durch Frau <\/b><b>PSt&#8217;in<\/b><b> Connemann<\/b><\/p>\n<p><b>13:20 Digitales Gru\u00dfwort BDLI<\/b><\/p>\n<p><b>13:30 Inhaltliche Einf\u00fchrung durch <\/b><b>Abtl<\/b><b>. IV und PT-LF (Projekttr\u00e4ger Luftfahrtforschung) zu dem neuen Call LuFo VII-2<\/b><\/p>\n<p><i>15:00 Beitr\u00e4ge aus der Industrie zur aktuellen Lage der Luftfahrtforschung:<\/i><\/p>\n<ol>\n<li style=\"list-style-type: none;\">\n<ul>\n<li style=\"list-style-type: none;\">\n<ul>\n<li>Moderation \/ \u00dcberblick<\/li>\n<li>Starr- und Drehfl\u00fcgler<\/li>\n<li>Antriebe<\/li>\n<li>Systeme und Ausr\u00fcstung<\/li>\n<li>Regional und Startup<\/li>\n<li>Wartung, Reparatur, \u00dcberholung<\/li>\n<\/ul>\n<\/li>\n<\/ul>\n<\/li>\n<\/ol>\n<p><i>15:45 Erfahrungsberichte von KMU<\/i><\/p>\n<p><i>16:15 Kaffeepause<\/i><\/p>\n<p><i>16:45 Beitr\u00e4ge von Gro\u00dfforschungseinrichtungen<\/i><\/p>\n<p><i>17:15 \u00dcbersicht zu den Aktivit\u00e4ten der deutschen Universit\u00e4ten im Bereich der Luftfahrtforschung<\/i><\/p>\n<p><i>17:45 Internationaler <\/i><i>Zwischencall<\/i><i> &amp; <\/i><i>JoinED Call<\/i><\/p>\n<p><i>18:00 Uplift <\/i><i>Zwischencall<\/i><\/p>\n<p><i>18:15 Abschlusspr\u00e4sentation<\/i><\/p>\n<p><i>18:30&nbsp;<\/i><i>Netzwerken und Begegnen: Foyer&nbsp;<\/i><\/p>\n<p><i>20:45 Ende der Veranstaltung<\/i><\/p>\t\t\t\t\t\t\t\t<\/div>\n\t\t\t\t<\/div>\n\t\t\t\t<div class=\"elementor-element elementor-element-40da5cb elementor-widget elementor-widget-heading\" data-id=\"40da5cb\" data-element_type=\"widget\" data-e-type=\"widget\" data-widget_type=\"heading.default\">\n\t\t\t\t<div class=\"elementor-widget-container\">\n\t\t\t\t\t<h2 class=\"elementor-heading-title elementor-size-default\">Wir freuen uns auf Ihre Teilnahme.<\/h2>\t\t\t\t<\/div>\n\t\t\t\t<\/div>\n\t\t\t\t<div class=\"elementor-element elementor-element-e1efe3d elementor-widget elementor-widget-spacer\" data-id=\"e1efe3d\" data-element_type=\"widget\" data-e-type=\"widget\" data-widget_type=\"spacer.default\">\n\t\t\t\t<div class=\"elementor-widget-container\">\n\t\t\t\t\t\t\t<div class=\"elementor-spacer\">\n\t\t\t<div class=\"elementor-spacer-inner\"><\/div>\n\t\t<\/div>\n\t\t\t\t\t\t<\/div>\n\t\t\t\t<\/div>\n\t\t\t\t<div class=\"elementor-element elementor-element-7e8bfff elementor-widget elementor-widget-button\" data-id=\"7e8bfff\" data-element_type=\"widget\" data-e-type=\"widget\" data-widget_type=\"button.default\">\n\t\t\t\t<div class=\"elementor-widget-container\">\n\t\t\t\t\t\t\t\t\t<div class=\"elementor-button-wrapper\">\n\t\t\t\t\t<a class=\"elementor-button elementor-button-link elementor-size-sm\" href=\"https:\/\/www.lufo-info-day.de\/index.php\/anmeldung\/\">\n\t\t\t\t\t\t<span class=\"elementor-button-content-wrapper\">\n\t\t\t\t\t\t\t\t\t<span class=\"elementor-button-text\">Zur Anmeldung<\/span>\n\t\t\t\t\t<\/span>\n\t\t\t\t\t<\/a>\n\t\t\t\t<\/div>\n\t\t\t\t\t\t\t\t<\/div>\n\t\t\t\t<\/div>\n\t\t\t\t<div class=\"elementor-element elementor-element-abd8a72 elementor-widget elementor-widget-spacer\" data-id=\"abd8a72\" data-element_type=\"widget\" data-e-type=\"widget\" data-widget_type=\"spacer.default\">\n\t\t\t\t<div class=\"elementor-widget-container\">\n\t\t\t\t\t\t\t<div class=\"elementor-spacer\">\n\t\t\t<div class=\"elementor-spacer-inner\"><\/div>\n\t\t<\/div>\n\t\t\t\t\t\t<\/div>\n\t\t\t\t<\/div>\n\t\t\t\t\t<\/div>\n\t\t\t\t<\/div>\n\t\t\t\t<\/div>\n\t\t","protected":false},"excerpt":{"rendered":"<p>LuFo Info Day 2026 Programm Der LuFo Info Day findet am 23. April 2026 statt \u2013 mit zahlreichen Highlights f\u00fcr Unternehmen, KMU, Universit\u00e4ten und Forschungseinrichtungen. Entdecken Sie hier das Programm der Veranstaltung. Agenda ganzt\u00e4gig: Herstellerausstellung im Foyer, Posterausstellung im Gang vor Raum&nbsp; 13:00 Er\u00f6ffnung durch Frau PSt&#8217;in Connemann 13:20 Digitales Gru\u00dfwort BDLI 13:30 Inhaltliche Einf\u00fchrung [&hellip;]<\/p>\n","protected":false},"author":6,"featured_media":0,"parent":0,"menu_order":0,"comment_status":"closed","ping_status":"closed","template":"elementor_header_footer","meta":{"site-sidebar-layout":"no-sidebar","site-content-layout":"page-builder","ast-site-content-layout":"full-width-container","site-content-style":"default","site-sidebar-style":"default","ast-global-header-display":"","ast-banner-title-visibility":"","ast-main-header-display":"","ast-hfb-above-header-display":"","ast-hfb-below-header-display":"","ast-hfb-mobile-header-display":"","site-post-title":"","ast-breadcrumbs-content":"","ast-featured-img":"disabled","footer-sml-layout":"","ast-disable-related-posts":"","theme-transparent-header-meta":"","adv-header-id-meta":"","stick-header-meta":"","header-above-stick-meta":"","header-main-stick-meta":"","header-below-stick-meta":"","astra-migrate-meta-layouts":"set","ast-page-background-enabled":"default","ast-page-background-meta":{"desktop":{"background-color":"var(--ast-global-color-4)","background-image":"","background-repeat":"repeat","background-position":"center center","background-size":"auto","background-attachment":"scroll","background-type":"","background-media":"","overlay-type":"","overlay-color":"","overlay-opacity":"","overlay-gradient":""},"tablet":{"background-color":"","background-image":"","background-repeat":"repeat","background-position":"center center","background-size":"auto","background-attachment":"scroll","background-type":"","background-media":"","overlay-type":"","overlay-color":"","overlay-opacity":"","overlay-gradient":""},"mobile":{"background-color":"","background-image":"","background-repeat":"repeat","background-position":"center center","background-size":"auto","background-attachment":"scroll","background-type":"","background-media":"","overlay-type":"","overlay-color":"","overlay-opacity":"","overlay-gradient":""}},"ast-content-background-meta":{"desktop":{"background-color":"var(--ast-global-color-5)","background-image":"","background-repeat":"repeat","background-position":"center center","background-size":"auto","background-attachment":"scroll","background-type":"","background-media":"","overlay-type":"","overlay-color":"","overlay-opacity":"","overlay-gradient":""},"tablet":{"background-color":"var(--ast-global-color-5)","background-image":"","background-repeat":"repeat","background-position":"center center","background-size":"auto","background-attachment":"scroll","background-type":"","background-media":"","overlay-type":"","overlay-color":"","overlay-opacity":"","overlay-gradient":""},"mobile":{"background-color":"var(--ast-global-color-5)","background-image":"","background-repeat":"repeat","background-position":"center center","background-size":"auto","background-attachment":"scroll","background-type":"","background-media":"","overlay-type":"","overlay-color":"","overlay-opacity":"","overlay-gradient":""}},"iawp_total_views":822,"footnotes":""},"class_list":["post-754","page","type-page","status-publish","hentry"],"_links":{"self":[{"href":"https:\/\/www.lufo-info-day.de\/index.php\/wp-json\/wp\/v2\/pages\/754","targetHints":{"allow":["GET"]}}],"collection":[{"href":"https:\/\/www.lufo-info-day.de\/index.php\/wp-json\/wp\/v2\/pages"}],"about":[{"href":"https:\/\/www.lufo-info-day.de\/index.php\/wp-json\/wp\/v2\/types\/page"}],"author":[{"embeddable":true,"href":"https:\/\/www.lufo-info-day.de\/index.php\/wp-json\/wp\/v2\/users\/6"}],"replies":[{"embeddable":true,"href":"https:\/\/www.lufo-info-day.de\/index.php\/wp-json\/wp\/v2\/comments?post=754"}],"version-history":[{"count":64,"href":"https:\/\/www.lufo-info-day.de\/index.php\/wp-json\/wp\/v2\/pages\/754\/revisions"}],"predecessor-version":[{"id":1180,"href":"https:\/\/www.lufo-info-day.de\/index.php\/wp-json\/wp\/v2\/pages\/754\/revisions\/1180"}],"wp:attachment":[{"href":"https:\/\/www.lufo-info-day.de\/index.php\/wp-json\/wp\/v2\/media?parent=754"}],"curies":[{"name":"wp","href":"https:\/\/api.w.org\/{rel}","templated":true}]}}