{"id":18,"date":"2020-09-07T16:44:24","date_gmt":"2020-09-07T14:44:24","guid":{"rendered":"https:\/\/www.lufo-info-day.de\/?page_id=18"},"modified":"2026-02-25T12:29:44","modified_gmt":"2026-02-25T11:29:44","slug":"impressum","status":"publish","type":"page","link":"https:\/\/www.lufo-info-day.de\/index.php\/impressum\/","title":{"rendered":"Impressum \/ Er\u00adkl\u00e4\u00adrung zur Bar\u00adrie\u00adre\u00adfrei\u00adheit"},"content":{"rendered":"\n<h2 class=\"wp-block-heading\" id=\"impressum-gem-5-tmg-und-18-medienstaatsvertrag\">Impressum gem. \u00a7 5 Digitale-Dienste-Gesetz und \u00a7 18 Abs. 2 Medienstaatsvertrag<\/h2>\n\n\n\n<p>Deutsches Zentrum f\u00fcr Luft- und Raumfahrt e. V. (DLR)<br>Linder H\u00f6he<br>51147 K\u00f6ln<\/p>\n\n\n\n<p>Telefon: +49 2203 601-0<br>Telefax: +49 2203 67310<br>E-Mail: contact-dlr [at] dlr.de<br>Website: https:\/\/www.dlr.de<\/p>\n\n\n\n<p>Gesetzlicher Vertreter des DLR ist der Vorstand, bestehend aus Prof. Dr.-Ing. Anke Kaysser-Pyzalla (Vorsitzende des Vorstands), Klaus Hamacher (Stellvertretender Vorsitzender des Vorstands),&nbsp;Prof. Dr.-Ing. Karsten Lemmer und Dr.-Ing. Walther Pelzer.<\/p>\n\n\n\n<p>Sitz des Vorstands:<br>Deutsches Zentrum f\u00fcr Luft- und Raumfahrt (DLR), Linder H\u00f6he, 51147 K\u00f6ln.<\/p>\n\n\n\n<p>Der Vorstand kann auch durch von ihm erm\u00e4chtigte Personen vertreten werden. Ausk\u00fcnfte \u00fcber den Umfang der Erm\u00e4chtigung erteilt die Leitung der Abteilung Allgemeine Rechtsangelegenheiten des DLR, Linder H\u00f6he, 51147 K\u00f6ln.<\/p>\n\n\n\n<p>Registergericht \/ Registernummer:<br>Amtsgericht Bonn, VR 2780<\/p>\n\n\n\n<p>Umsatzsteuer-Identifikationsnummer:<br>DE 121965658<\/p>\n\n\n\n<p><strong>Verantwortliche\/r nach \u00a7 18 Abs. 2 Medienstaatsvertrag:<\/strong><br><a href=\"mailto:kontakt-pt-lf@dlr.de\">Jan Bode<\/a>, Leiter Projekttr\u00e4ger Luftfahrtforschung<\/p>\n\n\n\n<p>Das Portal <a href=\"http:\/\/www.lufo-info-day.de\">www.lufo-info-day.de<\/a> wird betreut durch:<br>Deutsches Zentrum f\u00fcr Luft- und Raumfahrt (DLR)<br>Projekttr\u00e4ger Luftfahrtforschung <br>K\u00f6nigswinterer Str. 522-524<br>53227 Bonn<br>Telefon: +49 228 447-661<br>E-Mail: kontakt-pt-lf@dlr.de<br>WWW: https:\/\/www.dlr.de\/pt-lf\/<\/p>\n\n\n\n<p>Redaktion:<br><a href=\"mailto:kontakt-pt-lf@dlr.de\">Jan Bode<\/a>, Leiter Projekttr\u00e4ger Luftfahrtforschung und -technologie<\/p>\n\n\n\n<p>Inhaltlich verantwortlich:<br><a href=\"mailto:kontakt-pt-lf@dlr.de\">Jan Bode<\/a>, Leiter Projekttr\u00e4ger Luftfahrtforschung und -technologie<\/p>\n\n\n\n<p id=\"bildnachweise\"><strong>Haftung<\/strong> <strong>des DLR f\u00fcr die eigenen Inhalte<\/strong><\/p>\n\n\n\n<p>Sofern das DLR \u201eeigene Inhalte\u201c (Informationen, Software oder Dokumentation) im vorliegenden Internetangebot auf [<em>Internet-Adresse der Startseite des \u00f6ffentlichen Internet-Angebots<\/em>,&nbsp;<em>bei Apps die Angabe \u201edie in [App-Name]\u201c verwenden<\/em>] kostenlos zur Nutzung bereit stellt, ist die Haftung f\u00fcr Sach- und Rechtsm\u00e4ngel der DLR eigenen Inhalte, insbesondere f\u00fcr deren Richtigkeit, Fehlerfreiheit, Freiheit von Schutz- und Urheberrechten Dritter, Vollst\u00e4ndigkeit und\/oder Verwendbarkeit \u2013 au\u00dfer bei Vorsatz und grober Fahrl\u00e4ssigkeit \u2013 ausgeschlossen.<\/p>\n\n\n\n<p><strong>Haftung f\u00fcr fremde verlinkte Inhalte<\/strong><\/p>\n\n\n\n<p>Von diesen eigenen Inhalten sind Querverweise bzw. Hyperlinks (\u201eLinks\u201c) auf die von anderen Anbietern bereitgehaltenen Inhalte zu unterscheiden. Durch den Hyperlink h\u00e4lt das DLR insofern \u201efremde Inhalte\u201c zur Nutzung bereit, die durch den Hinweis \u201e[extern]\u201coder den Link entsprechend gekennzeichnet sind. Diese fremden Inhalte wurden bei der erstmaligen Link-Setzung daraufhin \u00fcberpr\u00fcft, ob durch sie eine m\u00f6gliche zivilrechtliche oder strafrechtliche Verantwortlichkeit ausgel\u00f6st wird. Es ist jedoch nicht auszuschlie\u00dfen, dass die Inhalte im Nachhinein von den jeweiligen Anbietern ver\u00e4ndert werden. Das DLR \u00fcberpr\u00fcft die Inhalte, auf die es in seinem Angebot verweist, nicht st\u00e4ndig auf Ver\u00e4nderungen, die eine Verantwortlichkeit neu begr\u00fcnden k\u00f6nnten. Sollten Sie der Ansicht sein, dass die verlinkten externen Seiten gegen geltendes Recht versto\u00dfen oder sonst unangemessene Inhalte haben, so teilen Sie uns dies bitte mit.<\/p>\n\n\n\n<p><strong>Technische Betreuung<\/strong>:<\/p>\n\n\n\n<p>E-Mail: dlr-infomaster [at] dlr.de<\/p>\n\n\n\n<p><strong>Bildnachweise<\/strong><\/p>\n\n\n\n<p>Startseite: <br>Bild 1: Canva<br>Bild 2-4: Adobe Stock<\/p>\n\n\n\n<p>Seite &#8222;\u00dcber den LuFo Info Day&#8220;<br>Bild 1: Adobe Stock<\/p>\n\n\n\n<p>Seite &#8222;Programm&#8220;<br>Bild 1: Adobe Stock<\/p>\n\n\n\n<p>Seite &#8222;Anmeldung&#8220;<br>Bild 1: Adobe Stock<\/p>\n\n\n\n<p><\/p>\n\n\n\n<p><strong>Nutzungsbedingungen f\u00fcr DLR-Bild- und Videomaterial<\/strong><\/p>\n\n\n\n<p>Die Rechte aller auf dieser Website verwendeten Bilder und Videos liegen, sofern nicht anders angegeben, beim Deutschen Zentrum f\u00fcr Luft- und Raumfahrt e.V. (DLR).<\/p>\n\n\n\n<p>Sofern ausdr\u00fccklich angegeben (z.B. unter \u201eInformationen\u201c zum jeweiligen Werk), stehen Bilder und Videos des DLR unter einer Creative Commons Namensnennung 3.0 Deutschland Lizenz. Das hei\u00dft, Sie d\u00fcrfen das Werk bzw. den Inhalt vervielf\u00e4ltigen, verbreiten und \u00f6ffentlich zug\u00e4nglich machen, Abwandlungen und Bearbeitungen des Werkes bzw. Inhaltes anfertigen und das jeweilige Werk kommerziell nutzen, wenn Sie den Namen des DLR wie folgt ausdr\u00fccklich und gut lesbar nennen. Beispiele: &#8222;Bild: DLR, CC-BY 3.0&#8220;, &#8222;Bilder: DLR, CC-BY 3.0&#8220;, &#8222;Video: DLR, CC-BY 3.0&#8220;.<\/p>\n\n\n\n<p><strong>Die Lizenz hat keinerlei Einfluss auf die folgenden Rechte:<\/strong><\/p>\n\n\n\n<p>Die Rechte, die jedermann wegen der Schranken des Urheberrechts oder aufgrund gesetzlicher Erlaubnisse zustehen (in einigen L\u00e4ndern als grunds\u00e4tzliche Doktrin des fair use etabliert); Das Urheberpers\u00f6nlichkeitsrecht des Rechteinhabers; Rechte anderer Personen, entweder am Lizenzgegenstand selber oder bez\u00fcglich seiner Verwendung, zum Beispiel Pers\u00f6nlichkeitsrechte abgebildeter Personen.<\/p>\n\n\n\n<p>Hinweis: Im Falle einer Verbreitung m\u00fcssen Sie anderen alle Lizenzbedingungen mitteilen, die f\u00fcr dieses Werk gelten. Ausf\u00fchrliche Informationen und den rechtsverbindlichen Lizenzvertrag finden Sie hier.<br>Bilder und Videos des DLR, die keinen entsprechenden Hinweis auf CC-BY 3.0 besitzen und nur auf das DLR als Quelle hinweisen (Beispiele: &#8222;Bild: DLR&#8220;, &#8222;Video: DLR&#8220;), stehen nicht unter CC-Lizenz. Diese Bilder d\u00fcrfen bei Nennung des DLR wie folgt verwendet werden: Verbreitung in Presse und anderen Medien, sonstige nicht-kommerzielle Zwecke (Bildung, pers\u00f6nliche Information). Eine kommerzielle Nutzung ist zuvor beim DLR anzufragen.<\/p>\n\n\n\n<p>Bestimmte Bilder\/Videos des DLR-Webportals stammen aus anderen Quellen. Bitte wenden Sie sich bez\u00fcglich der jeweiligen Nutzungsbedingungen dieser Bilder\/Videos an den Rechteinhaber.<\/p>\n\n\n\n<p>Bestimmte Bilder\/Videos haben mehrere Rechteinhaber. In diesem Fall gelten regelm\u00e4\u00dfig die Nutzungsbedingungen der in der Quellenangabe genannten Rechteinhaber. In Zweifelsf\u00e4llen wenden Sie sich bitte an diesen. Diese Bilder\/Videos sind entsprechend gekennzeichnet.<\/p>\n\n\n\n<p>Die Creative Commons-Lizenz erstreckt sich nicht auf das DLR-Logo und seine Bestandteile sowie weitere Elemente der DLR Corporate Identity wie beispielsweise die &#8222;Blaue Erde&#8220;. Das DLR-Logo darf nicht von Personen, die keine DLR-Mitarbeiter sind oder denen keine Nutzungserlaubnis des DLR vorliegt, genutzt werden.<\/p>\n\n\n\n<p><strong>Bei Fragen zum DLR-Bildmaterial wenden Sie sich bitte an<\/strong><\/p>\n\n\n\n<p>Deutsches Zentrum f\u00fcr Luft- und Raumfahrt e.V. (DLR)<br>Abteilung Politikbeziehungen und Kommunikation<br>Linder H\u00f6he<br>51147 K\u00f6ln<\/p>\n\n\n\n<p>Postanschrift: 51170 K\u00f6ln<\/p>\n\n\n\n<p>Telefon: +49 2203 601-2116<br>Telefax: +49 2203 601-3249<br>E-Mail: bildredaktion [at] dlr.de<\/p>\n\n\n\n<h2 class=\"wp-block-heading\" id=\"er-kla-rung-zur-bar-rie-re-frei-heit\">Er\u00adkl\u00e4\u00adrung zur Bar\u00adrie\u00adre\u00adfrei\u00adheit<\/h2>\n\n\n\n<p><strong>Erkl\u00e4rung zur Barrierefreiheit<\/strong><\/p>\n\n\n\n<p>Diese Erkl\u00e4rung zur Barrierefreiheit gilt f\u00fcr die unter www.lufo-info-day.de ver\u00f6ffentlichten Website von Deutsches Zentrum f\u00fcr Luft und Raumfahrt e. V. (DLR).<\/p>\n\n\n\n<p>Als \u00f6ffentliche Stelle des Bundes sind wir bem\u00fcht, unsere Websites und mobilen Anwendungen im Einklang mit den Bestimmungen des Behindertengleichstellungsgesetzes des Bundes (BGG) sowie der Barrierefreien-Informationstechnik-Verordnung (BITV 2.0) zur Umsetzung der Richtlinie (EU) 2016\/2102 barrierefrei zug\u00e4nglich zu machen.<\/p>\n\n\n\n<p><strong>Stand der Vereinbarkeit mit den Anforderungen<\/strong><\/p>\n\n\n\n<p>Die Anforderungen der Barrierefreiheit ergeben sich aus \u00a7\u00a7 3 Abs\u00e4tze 1 bis 4 und 4 der BITV 2.0, die auf der Grundlage von \u00a7 12d BGG erlassen wurde.<\/p>\n\n\n\n<p>Die Website ist mit den zuvor genannten Anforderungen derzeit nicht vollst\u00e4ndig vereinbar.<\/p>\n\n\n\n<p>Die Website wird aktuell hinsichtlich der Barrierefreiheit gepr\u00fcft. Wir bem\u00fchen uns, alle festgestellten Probleme der Zug\u00e4nglichkeit zu beheben.<\/p>\n\n\n\n<p><strong>Datum der Erstellung bzw. der letzten Aktualisierung der Erkl\u00e4rung<\/strong><\/p>\n\n\n\n<p>Diese Erkl\u00e4rung wurde am 13.11.2020 erstellt.<\/p>\n\n\n\n<p><strong>Barrieren melden: Kontakt zu den Feedback Ansprechpartnern<\/strong><\/p>\n\n\n\n<p>Sie m\u00f6chten uns bestehende Barrieren mitteilen oder Informationen zur Umsetzung der Barrierefreiheit erfragen? F\u00fcr Ihr Feedback sowie alle weiteren Informationen melden Sie sich gerne bei uns unter barrierefreiheit@dlr.de.<\/p>\n\n\n\n<p><strong>Schlichtungsverfahren<\/strong><\/p>\n\n\n\n<p>Wenn auch nach Ihrem Feedback an den oben genannten Kontakt keine zufriedenstellende L\u00f6sung gefunden wurde, k\u00f6nnen Sie sich an die Schlichtungsstelle nach \u00a7 16 BGG wenden. Die Schlichtungsstelle BGG hat die Aufgabe, bei Konflikten zum Thema Barrierefreiheit zwischen Menschen mit Behinderungen und \u00f6ffentlichen Stellen des Bundes eine au\u00dfergerichtliche Streitbeilegung zu unterst\u00fctzen. Das Schlichtungsverfahren ist kostenlos. Es muss kein Rechtsbeistand eingeschaltet werden. Weitere Informationen zum Schlichtungsverfahren und den M\u00f6glichkeiten der Antragstellung erhalten Sie unter: <a href=\"http:\/\/www.schlichtungsstelle-bgg.de\/\" target=\"_blank\" rel=\"noreferrer noopener\">www.schlichtungsstelle-bgg.de<\/a>.<\/p>\n\n\n\n<p><br>Direkt kontaktieren k\u00f6nnen Sie die Schlichtungsstelle BGG unter <a href=\"mailto:info@schlichtungsstelle-bgg.de\" target=\"_blank\" rel=\"noreferrer noopener\">info@schlichtungsstelle-bgg.de<\/a>.<\/p>\n","protected":false},"excerpt":{"rendered":"<p>Impressum gem. \u00a7 5 Digitale-Dienste-Gesetz und \u00a7 18 Abs. 2 Medienstaatsvertrag Deutsches Zentrum f\u00fcr Luft- und Raumfahrt e. V. (DLR)Linder H\u00f6he51147 K\u00f6ln Telefon: +49 2203 601-0Telefax: +49 2203 67310E-Mail: contact-dlr [at] dlr.deWebsite: https:\/\/www.dlr.de Gesetzlicher Vertreter des DLR ist der Vorstand, bestehend aus Prof. Dr.-Ing. Anke Kaysser-Pyzalla (Vorsitzende des Vorstands), Klaus Hamacher (Stellvertretender Vorsitzender des Vorstands),&nbsp;Prof. [&hellip;]<\/p>\n","protected":false},"author":1,"featured_media":0,"parent":0,"menu_order":0,"comment_status":"closed","ping_status":"closed","template":"","meta":{"site-sidebar-layout":"default","site-content-layout":"content-boxed-container","ast-site-content-layout":"normal-width-container","site-content-style":"boxed","site-sidebar-style":"unboxed","ast-global-header-display":"","ast-banner-title-visibility":"","ast-main-header-display":"","ast-hfb-above-header-display":"","ast-hfb-below-header-display":"","ast-hfb-mobile-header-display":"","site-post-title":"disabled","ast-breadcrumbs-content":"","ast-featured-img":"","footer-sml-layout":"","ast-disable-related-posts":"","theme-transparent-header-meta":"default","adv-header-id-meta":"","stick-header-meta":"default","header-above-stick-meta":"","header-main-stick-meta":"","header-below-stick-meta":"","astra-migrate-meta-layouts":"set","ast-page-background-enabled":"default","ast-page-background-meta":{"desktop":{"background-color":"var(--ast-global-color-4)","background-image":"","background-repeat":"repeat","background-position":"center center","background-size":"auto","background-attachment":"scroll","background-type":"","background-media":"","overlay-type":"","overlay-color":"","overlay-opacity":"","overlay-gradient":""},"tablet":{"background-color":"","background-image":"","background-repeat":"repeat","background-position":"center center","background-size":"auto","background-attachment":"scroll","background-type":"","background-media":"","overlay-type":"","overlay-color":"","overlay-opacity":"","overlay-gradient":""},"mobile":{"background-color":"","background-image":"","background-repeat":"repeat","background-position":"center center","background-size":"auto","background-attachment":"scroll","background-type":"","background-media":"","overlay-type":"","overlay-color":"","overlay-opacity":"","overlay-gradient":""}},"ast-content-background-meta":{"desktop":{"background-color":"var(--ast-global-color-5)","background-image":"","background-repeat":"repeat","background-position":"center center","background-size":"auto","background-attachment":"scroll","background-type":"","background-media":"","overlay-type":"","overlay-color":"","overlay-opacity":"","overlay-gradient":""},"tablet":{"background-color":"var(--ast-global-color-5)","background-image":"","background-repeat":"repeat","background-position":"center center","background-size":"auto","background-attachment":"scroll","background-type":"","background-media":"","overlay-type":"","overlay-color":"","overlay-opacity":"","overlay-gradient":""},"mobile":{"background-color":"var(--ast-global-color-5)","background-image":"","background-repeat":"repeat","background-position":"center center","background-size":"auto","background-attachment":"scroll","background-type":"","background-media":"","overlay-type":"","overlay-color":"","overlay-opacity":"","overlay-gradient":""}},"iawp_total_views":26,"footnotes":""},"class_list":["post-18","page","type-page","status-publish","hentry"],"_links":{"self":[{"href":"https:\/\/www.lufo-info-day.de\/index.php\/wp-json\/wp\/v2\/pages\/18","targetHints":{"allow":["GET"]}}],"collection":[{"href":"https:\/\/www.lufo-info-day.de\/index.php\/wp-json\/wp\/v2\/pages"}],"about":[{"href":"https:\/\/www.lufo-info-day.de\/index.php\/wp-json\/wp\/v2\/types\/page"}],"author":[{"embeddable":true,"href":"https:\/\/www.lufo-info-day.de\/index.php\/wp-json\/wp\/v2\/users\/1"}],"replies":[{"embeddable":true,"href":"https:\/\/www.lufo-info-day.de\/index.php\/wp-json\/wp\/v2\/comments?post=18"}],"version-history":[{"count":26,"href":"https:\/\/www.lufo-info-day.de\/index.php\/wp-json\/wp\/v2\/pages\/18\/revisions"}],"predecessor-version":[{"id":1137,"href":"https:\/\/www.lufo-info-day.de\/index.php\/wp-json\/wp\/v2\/pages\/18\/revisions\/1137"}],"wp:attachment":[{"href":"https:\/\/www.lufo-info-day.de\/index.php\/wp-json\/wp\/v2\/media?parent=18"}],"curies":[{"name":"wp","href":"https:\/\/api.w.org\/{rel}","templated":true}]}}