{"id":158,"date":"2020-09-16T14:11:24","date_gmt":"2020-09-16T12:11:24","guid":{"rendered":"https:\/\/www.lufo-info-day.de\/?page_id=158"},"modified":"2026-02-25T13:51:55","modified_gmt":"2026-02-25T12:51:55","slug":"startseite","status":"publish","type":"page","link":"https:\/\/www.lufo-info-day.de\/","title":{"rendered":"Startseite"},"content":{"rendered":"\t\t<div data-elementor-type=\"wp-page\" data-elementor-id=\"158\" class=\"elementor elementor-158\" data-elementor-post-type=\"page\">\n\t\t\t\t<div class=\"elementor-element elementor-element-beae1a4 e-flex e-con-boxed e-con e-parent\" data-id=\"beae1a4\" data-element_type=\"container\" data-e-type=\"container\" data-settings=\"{&quot;background_background&quot;:&quot;classic&quot;}\">\n\t\t\t\t\t<div class=\"e-con-inner\">\n\t\t<div class=\"elementor-element elementor-element-54ece96 e-con-full e-flex e-con e-child\" data-id=\"54ece96\" data-element_type=\"container\" data-e-type=\"container\">\n\t\t\t\t<div class=\"elementor-element elementor-element-44af6a9 elementor-widget__width-initial elementor-widget elementor-widget-heading\" data-id=\"44af6a9\" data-element_type=\"widget\" data-e-type=\"widget\" data-widget_type=\"heading.default\">\n\t\t\t\t<div class=\"elementor-widget-container\">\n\t\t\t\t\t<h2 class=\"elementor-heading-title elementor-size-default\">Gestalten Sie mit uns die Zukunft der Luftfahrt!<\/h2>\t\t\t\t<\/div>\n\t\t\t\t<\/div>\n\t\t\t\t<\/div>\n\t\t<div class=\"elementor-element elementor-element-b5d9474 e-con-full e-flex e-con e-child\" data-id=\"b5d9474\" data-element_type=\"container\" data-e-type=\"container\">\n\t\t\t\t<div class=\"elementor-element elementor-element-edbceab elementor-widget__width-initial elementor-widget-mobile__width-initial elementor-widget elementor-widget-heading\" data-id=\"edbceab\" data-element_type=\"widget\" data-e-type=\"widget\" data-widget_type=\"heading.default\">\n\t\t\t\t<div class=\"elementor-widget-container\">\n\t\t\t\t\t<h2 class=\"elementor-heading-title elementor-size-default\"><a href=\"https:\/\/www.lufo-info-day.de\/index.php\/anmeldung\/\">Jetzt anmelden f\u00fcr den 23.04.2026: <br> Informationsveranstaltung zum neuen Call des Luftfahrtforschungsprogramms des Bundes (hybrid)<\/a><\/h2>\t\t\t\t<\/div>\n\t\t\t\t<\/div>\n\t\t\t\t<div class=\"elementor-element elementor-element-9069805 elementor-widget elementor-widget-image\" data-id=\"9069805\" data-element_type=\"widget\" data-e-type=\"widget\" data-widget_type=\"image.default\">\n\t\t\t\t<div class=\"elementor-widget-container\">\n\t\t\t\t\t\t\t\t\t\t\t\t\t\t\t<img fetchpriority=\"high\" decoding=\"async\" width=\"1024\" height=\"782\" src=\"https:\/\/www.lufo-info-day.de\/wp-content\/uploads\/2026\/02\/Flugzeug-1024x782.png\" class=\"attachment-large size-large wp-image-902\" alt=\"\" srcset=\"https:\/\/www.lufo-info-day.de\/wp-content\/uploads\/2026\/02\/Flugzeug-1024x782.png 1024w, https:\/\/www.lufo-info-day.de\/wp-content\/uploads\/2026\/02\/Flugzeug-300x229.png 300w, https:\/\/www.lufo-info-day.de\/wp-content\/uploads\/2026\/02\/Flugzeug-768x586.png 768w, https:\/\/www.lufo-info-day.de\/wp-content\/uploads\/2026\/02\/Flugzeug-1536x1173.png 1536w, https:\/\/www.lufo-info-day.de\/wp-content\/uploads\/2026\/02\/Flugzeug-2048x1564.png 2048w\" sizes=\"(max-width: 1024px) 100vw, 1024px\" \/>\t\t\t\t\t\t\t\t\t\t\t\t\t\t\t<\/div>\n\t\t\t\t<\/div>\n\t\t\t\t<\/div>\n\t\t\t\t\t<\/div>\n\t\t\t\t<\/div>\n\t\t<div class=\"elementor-element elementor-element-27a745d e-flex e-con-boxed e-con e-parent\" data-id=\"27a745d\" data-element_type=\"container\" data-e-type=\"container\">\n\t\t\t\t\t<div class=\"e-con-inner\">\n\t\t\t\t<div class=\"elementor-element elementor-element-c356413 elementor-widget elementor-widget-spacer\" data-id=\"c356413\" data-element_type=\"widget\" data-e-type=\"widget\" data-widget_type=\"spacer.default\">\n\t\t\t\t<div class=\"elementor-widget-container\">\n\t\t\t\t\t\t\t<div class=\"elementor-spacer\">\n\t\t\t<div class=\"elementor-spacer-inner\"><\/div>\n\t\t<\/div>\n\t\t\t\t\t\t<\/div>\n\t\t\t\t<\/div>\n\t\t<div class=\"elementor-element elementor-element-34b8d68 e-con-full e-flex e-con e-child\" data-id=\"34b8d68\" data-element_type=\"container\" data-e-type=\"container\">\n\t\t\t\t<div class=\"elementor-element elementor-element-b10dbac elementor-widget elementor-widget-heading\" data-id=\"b10dbac\" data-element_type=\"widget\" data-e-type=\"widget\" data-widget_type=\"heading.default\">\n\t\t\t\t<div class=\"elementor-widget-container\">\n\t\t\t\t\t<h1 class=\"elementor-heading-title elementor-size-default\">Willkommen zum LuFo Info Day 2026!<\/h1>\t\t\t\t<\/div>\n\t\t\t\t<\/div>\n\t\t\t\t<div class=\"elementor-element elementor-element-d170537 elementor-widget__width-initial elementor-widget elementor-widget-text-editor\" data-id=\"d170537\" data-element_type=\"widget\" data-e-type=\"widget\" data-widget_type=\"text-editor.default\">\n\t\t\t\t<div class=\"elementor-widget-container\">\n\t\t\t\t\t\t\t\t\t<p>Die Luftfahrtinnovation geht in die n\u00e4chste Runde: Der neue Aufruf zum Luftfahrtforschungsprogramm des Bundes LuFo steht vor der Ver\u00f6ffentlichung und wir m\u00f6chten Sie bereits jetzt zur Informationsveranstaltung LuFo Info Day am 23.04.2026 einladen. In dieser gemeinsamen Veranstaltung des Bundesministeriums f\u00fcr Wirtschaft und Energie (BMWE) und des Projekttr\u00e4gers Luftfahrtforschung (PT-LF) bereiten wir Sie optimal vor &#8211; Teilnahme in Berlin oder online m\u00f6glich!<\/p>\t\t\t\t\t\t\t\t<\/div>\n\t\t\t\t<\/div>\n\t\t\t\t<div class=\"elementor-element elementor-element-55facfe elementor-widget elementor-widget-spacer\" data-id=\"55facfe\" data-element_type=\"widget\" data-e-type=\"widget\" data-widget_type=\"spacer.default\">\n\t\t\t\t<div class=\"elementor-widget-container\">\n\t\t\t\t\t\t\t<div class=\"elementor-spacer\">\n\t\t\t<div class=\"elementor-spacer-inner\"><\/div>\n\t\t<\/div>\n\t\t\t\t\t\t<\/div>\n\t\t\t\t<\/div>\n\t\t\t\t<\/div>\n\t\t<div class=\"elementor-element elementor-element-db0b6b2 e-con-full e-flex e-con e-child\" data-id=\"db0b6b2\" data-element_type=\"container\" data-e-type=\"container\">\n\t\t<div class=\"elementor-element elementor-element-d14288a e-grid e-con-full e-con e-child\" data-id=\"d14288a\" data-element_type=\"container\" data-e-type=\"container\">\n\t\t\t\t<div class=\"elementor-element elementor-element-c79b90b elementor-cta--skin-classic elementor-animated-content elementor-bg-transform elementor-bg-transform-zoom-in elementor-widget elementor-widget-call-to-action\" data-id=\"c79b90b\" data-element_type=\"widget\" data-e-type=\"widget\" data-widget_type=\"call-to-action.default\">\n\t\t\t\t<div class=\"elementor-widget-container\">\n\t\t\t\t\t\t\t<div class=\"elementor-cta\">\n\t\t\t\t\t<div class=\"elementor-cta__bg-wrapper\">\n\t\t\t\t<div class=\"elementor-cta__bg elementor-bg\" style=\"background-image: url(https:\/\/www.lufo-info-day.de\/wp-content\/uploads\/2026\/02\/AdobeStock_104513665-1024x574.jpeg);\" role=\"img\" aria-label=\"Microfono tenuto in mano conferenza\"><\/div>\n\t\t\t\t<div class=\"elementor-cta__bg-overlay\"><\/div>\n\t\t\t<\/div>\n\t\t\t\t\t\t\t<div class=\"elementor-cta__content\">\n\t\t\t\t\n\t\t\t\t\t\t\t\t\t<h2 class=\"elementor-cta__title elementor-cta__content-item elementor-content-item\">\n\t\t\t\t\t\tDies erwartet Sie auf der Veranstaltung!\t\t\t\t\t<\/h2>\n\t\t\t\t\n\t\t\t\t\t\t\t\t\t<div class=\"elementor-cta__description elementor-cta__content-item elementor-content-item\">\n\t\t\t\t\t\tDer LuFo Info Day dient der Vorstellung des F\u00f6rderaufrufs LuFo VII-2. Den Teilnehmerinnen und Teilnehmern werden alle Informationen an die Hand gegeben, die f\u00fcr eine Beteiligung am F\u00f6rderprogramm ben\u00f6tigt werden. Sie erhalten gezielte Informationen und wertvolle Tipps. \t\t\t\t\t<\/div>\n\t\t\t\t\n\t\t\t\t\t\t\t\t\t<div class=\"elementor-cta__button-wrapper elementor-cta__content-item elementor-content-item \">\n\t\t\t\t\t<a class=\"elementor-cta__button elementor-button elementor-size-\" href=\"https:\/\/www.lufo-info-day.de\/index.php\/programm\/\">\n\t\t\t\t\t\tweitere Informationen\t\t\t\t\t<\/a>\n\t\t\t\t\t<\/div>\n\t\t\t\t\t\t\t<\/div>\n\t\t\t\t\t\t<\/div>\n\t\t\t\t\t\t<\/div>\n\t\t\t\t<\/div>\n\t\t\t\t<div class=\"elementor-element elementor-element-9f391ba elementor-cta--skin-classic elementor-animated-content elementor-bg-transform elementor-bg-transform-zoom-in elementor-widget elementor-widget-call-to-action\" data-id=\"9f391ba\" data-element_type=\"widget\" data-e-type=\"widget\" data-widget_type=\"call-to-action.default\">\n\t\t\t\t<div class=\"elementor-widget-container\">\n\t\t\t\t\t\t\t<div class=\"elementor-cta\">\n\t\t\t\t\t<div class=\"elementor-cta__bg-wrapper\">\n\t\t\t\t<div class=\"elementor-cta__bg elementor-bg\" style=\"background-image: url(https:\/\/www.lufo-info-day.de\/wp-content\/uploads\/2024\/04\/AdobeStock_199685378-edited-1024x769.jpeg);\" role=\"img\" aria-label=\"Schmuckbild vernetzte stilisierte Personen\"><\/div>\n\t\t\t\t<div class=\"elementor-cta__bg-overlay\"><\/div>\n\t\t\t<\/div>\n\t\t\t\t\t\t\t<div class=\"elementor-cta__content\">\n\t\t\t\t\n\t\t\t\t\t\t\t\t\t<h2 class=\"elementor-cta__title elementor-cta__content-item elementor-content-item\">\n\t\t\t\t\t\tVernetzen Sie sich!\t\t\t\t\t<\/h2>\n\t\t\t\t\n\t\t\t\t\t\t\t\t\t<div class=\"elementor-cta__description elementor-cta__content-item elementor-content-item\">\n\t\t\t\t\t\tDie Veranstaltung bietet Raum f\u00fcr Diskussionen rund um die gegenw\u00e4rtige und zuk\u00fcnftige Gestaltung der zivilen Luftfahrtforschung in Deutschland.Sie k\u00f6nnen Ihre Fragen direkt an die F\u00f6rderberatung und die Expertinnen und Experten der Luftfahrtbranche stellen. \t\t\t\t\t<\/div>\n\t\t\t\t\n\t\t\t\t\t\t\t\t\t<div class=\"elementor-cta__button-wrapper elementor-cta__content-item elementor-content-item \">\n\t\t\t\t\t<a class=\"elementor-cta__button elementor-button elementor-size-\" href=\"https:\/\/www.lufo-info-day.de\/index.php\/ueber-den-lufo-info-day\/#Anker-Vernetzung\">\n\t\t\t\t\t\tmehr erfahren\t\t\t\t\t<\/a>\n\t\t\t\t\t<\/div>\n\t\t\t\t\t\t\t<\/div>\n\t\t\t\t\t\t<\/div>\n\t\t\t\t\t\t<\/div>\n\t\t\t\t<\/div>\n\t\t\t\t<div class=\"elementor-element elementor-element-1ae4599 elementor-cta--skin-classic elementor-animated-content elementor-bg-transform elementor-bg-transform-zoom-in elementor-widget elementor-widget-call-to-action\" data-id=\"1ae4599\" data-element_type=\"widget\" data-e-type=\"widget\" data-widget_type=\"call-to-action.default\">\n\t\t\t\t<div class=\"elementor-widget-container\">\n\t\t\t\t\t\t\t<div class=\"elementor-cta\">\n\t\t\t\t\t<div class=\"elementor-cta__bg-wrapper\">\n\t\t\t\t<div class=\"elementor-cta__bg elementor-bg\" style=\"background-image: url(https:\/\/www.lufo-info-day.de\/wp-content\/uploads\/2024\/04\/Skizzen-edited-1024x769.jpg);\" role=\"img\" aria-label=\"Schmuckbild Notizbuch mit Stift und Tastatur\"><\/div>\n\t\t\t\t<div class=\"elementor-cta__bg-overlay\"><\/div>\n\t\t\t<\/div>\n\t\t\t\t\t\t\t<div class=\"elementor-cta__content\">\n\t\t\t\t\n\t\t\t\t\t\t\t\t\t<h2 class=\"elementor-cta__title elementor-cta__content-item elementor-content-item\">\n\t\t\t\t\t\tJetzt anmelden!\t\t\t\t\t<\/h2>\n\t\t\t\t\n\t\t\t\t\t\t\t\t\t<div class=\"elementor-cta__description elementor-cta__content-item elementor-content-item\">\n\t\t\t\t\t\tMelden Sie sich hier f\u00fcr die Veranstaltung an. F\u00fcr das Event wird keine Teilnahmegeb\u00fchr erhoben. Bitte beachten Sie, dass die Teilnehmerzahl vor Ort begrenzt ist. Bei der Anmeldung muss angegeben werden, ob eine Teilnahme online oder in Berlin gew\u00fcnscht ist.\t\t\t\t\t<\/div>\n\t\t\t\t\n\t\t\t\t\t\t\t\t\t<div class=\"elementor-cta__button-wrapper elementor-cta__content-item elementor-content-item \">\n\t\t\t\t\t<a class=\"elementor-cta__button elementor-button elementor-size-\" href=\"https:\/\/www.lufo-info-day.de\/index.php\/anmeldung\/\">\n\t\t\t\t\t\tzum Anmeldeformular\t\t\t\t\t<\/a>\n\t\t\t\t\t<\/div>\n\t\t\t\t\t\t\t<\/div>\n\t\t\t\t\t\t<\/div>\n\t\t\t\t\t\t<\/div>\n\t\t\t\t<\/div>\n\t\t\t\t<\/div>\n\t\t\t\t<\/div>\n\t\t\t\t\t<\/div>\n\t\t\t\t<\/div>\n\t\t<div class=\"elementor-element elementor-element-ba3ca56 e-flex e-con-boxed e-con e-parent\" data-id=\"ba3ca56\" data-element_type=\"container\" data-e-type=\"container\">\n\t\t\t\t\t<div class=\"e-con-inner\">\n\t\t\t\t<div class=\"elementor-element elementor-element-51767cc elementor-widget elementor-widget-spacer\" data-id=\"51767cc\" data-element_type=\"widget\" data-e-type=\"widget\" data-widget_type=\"spacer.default\">\n\t\t\t\t<div class=\"elementor-widget-container\">\n\t\t\t\t\t\t\t<div class=\"elementor-spacer\">\n\t\t\t<div class=\"elementor-spacer-inner\"><\/div>\n\t\t<\/div>\n\t\t\t\t\t\t<\/div>\n\t\t\t\t<\/div>\n\t\t\t\t<div class=\"elementor-element elementor-element-680271c elementor-widget elementor-widget-heading\" data-id=\"680271c\" data-element_type=\"widget\" data-e-type=\"widget\" data-widget_type=\"heading.default\">\n\t\t\t\t<div class=\"elementor-widget-container\">\n\t\t\t\t\t<h2 class=\"elementor-heading-title elementor-size-default\">Der LuFo Info  Day: eine gute Basis f\u00fcr eine erfolgreiche Skizzeneinreichung<\/h2>\t\t\t\t<\/div>\n\t\t\t\t<\/div>\n\t\t\t\t<div class=\"elementor-element elementor-element-bc52635 elementor-widget elementor-widget-text-editor\" data-id=\"bc52635\" data-element_type=\"widget\" data-e-type=\"widget\" data-widget_type=\"text-editor.default\">\n\t\t\t\t<div class=\"elementor-widget-container\">\n\t\t\t\t\t\t\t\t\t<p>Das Bundesministerium f\u00fcr Wirtschaft und Energie (BMWE) beabsichtigt die F\u00f6rderung von Vorhaben zur Luftfahrtforschung im Rahmen des Luftfahrtforschungsprogramms des Bundes (LuFo). In diesem F\u00f6rderprogramm k\u00f6nnen Forschungs- und Entwicklungsvorhaben im Bereich der Luftfahrt eingereicht werden. Der LuFo Info Day informiert \u00fcber diesen F\u00f6rderprozess, die Neuigkeiten im Verfahren sowie \u00fcber die Ziele des F\u00f6rderprogramms.\u00a0<\/p><p>Ansprechpartner f\u00fcr das Luftfahrtforschungsprogramm ist der Projekttr\u00e4ger Luftfahrtforschung, der das BMWE bei der administrativen und fachlichen Abwicklung der Forschungsf\u00f6rderung unterst\u00fctzt.<\/p><p>Im LuFo wird ein zweistufiges Antragsverfahren durchlaufen. Dieses besteht aus zwei Phasen: zuerst die Einreichung einer Skizze zu dem Forschungsvorhaben und nach positiver Begutachtung dieser Skizze erfolgt eine Aufforderung f\u00fcr die zweite Phase, die Antragsphase. Weitere Informationen und alle wichtigen Dokumente werden Ihnen auf der Informationsveranstaltung zur Verf\u00fcgung gestellt.\u00a0<\/p><p>Zudem bietet die Veranstaltung Raum f\u00fcr Diskussionen rund um die gegenw\u00e4rtige und zuk\u00fcnftige Gestaltung der zivilen Luftfahrtforschung in Deutschland.<\/p>\t\t\t\t\t\t\t\t<\/div>\n\t\t\t\t<\/div>\n\t\t\t\t<div class=\"elementor-element elementor-element-73b8363 elementor-widget elementor-widget-heading\" data-id=\"73b8363\" data-element_type=\"widget\" data-e-type=\"widget\" data-widget_type=\"heading.default\">\n\t\t\t\t<div class=\"elementor-widget-container\">\n\t\t\t\t\t<h2 class=\"elementor-heading-title elementor-size-default\">Nutzen Sie die Gelegenheit um sich auf den neuen Call vorzubereiten und konkrete Fragen zu stellen!<\/h2>\t\t\t\t<\/div>\n\t\t\t\t<\/div>\n\t\t\t\t<div class=\"elementor-element elementor-element-97e6376 elementor-widget elementor-widget-spacer\" data-id=\"97e6376\" data-element_type=\"widget\" data-e-type=\"widget\" data-widget_type=\"spacer.default\">\n\t\t\t\t<div class=\"elementor-widget-container\">\n\t\t\t\t\t\t\t<div class=\"elementor-spacer\">\n\t\t\t<div class=\"elementor-spacer-inner\"><\/div>\n\t\t<\/div>\n\t\t\t\t\t\t<\/div>\n\t\t\t\t<\/div>\n\t\t\t\t<div class=\"elementor-element elementor-element-89f471c elementor-widget elementor-widget-button\" data-id=\"89f471c\" data-element_type=\"widget\" data-e-type=\"widget\" data-widget_type=\"button.default\">\n\t\t\t\t<div class=\"elementor-widget-container\">\n\t\t\t\t\t\t\t\t\t<div class=\"elementor-button-wrapper\">\n\t\t\t\t\t<a class=\"elementor-button elementor-button-link elementor-size-sm\" href=\"https:\/\/www.lufo-info-day.de\/index.php\/anmeldung\/\">\n\t\t\t\t\t\t<span class=\"elementor-button-content-wrapper\">\n\t\t\t\t\t\t\t\t\t<span class=\"elementor-button-text\">Zur Anmeldung<\/span>\n\t\t\t\t\t<\/span>\n\t\t\t\t\t<\/a>\n\t\t\t\t<\/div>\n\t\t\t\t\t\t\t\t<\/div>\n\t\t\t\t<\/div>\n\t\t\t\t<div class=\"elementor-element elementor-element-5260f38 elementor-widget elementor-widget-spacer\" data-id=\"5260f38\" data-element_type=\"widget\" data-e-type=\"widget\" data-widget_type=\"spacer.default\">\n\t\t\t\t<div class=\"elementor-widget-container\">\n\t\t\t\t\t\t\t<div class=\"elementor-spacer\">\n\t\t\t<div class=\"elementor-spacer-inner\"><\/div>\n\t\t<\/div>\n\t\t\t\t\t\t<\/div>\n\t\t\t\t<\/div>\n\t\t\t\t\t<\/div>\n\t\t\t\t<\/div>\n\t\t<div class=\"elementor-element elementor-element-9f9bb14 e-flex e-con-boxed e-con e-parent\" data-id=\"9f9bb14\" data-element_type=\"container\" data-e-type=\"container\">\n\t\t\t\t\t<div class=\"e-con-inner\">\n\t\t\t\t\t<\/div>\n\t\t\t\t<\/div>\n\t\t\t\t<\/div>\n\t\t","protected":false},"excerpt":{"rendered":"<p>Gestalten Sie mit uns die Zukunft der Luftfahrt! Jetzt anmelden f\u00fcr den 23.04.2026: Informationsveranstaltung zum neuen Call des Luftfahrtforschungsprogramms des Bundes (hybrid) Willkommen zum LuFo Info Day 2026! Die Luftfahrtinnovation geht in die n\u00e4chste Runde: Der neue Aufruf zum Luftfahrtforschungsprogramm des Bundes LuFo steht vor der Ver\u00f6ffentlichung und wir m\u00f6chten Sie bereits jetzt zur Informationsveranstaltung [&hellip;]<\/p>\n","protected":false},"author":1,"featured_media":0,"parent":0,"menu_order":0,"comment_status":"closed","ping_status":"closed","template":"elementor_header_footer","meta":{"site-sidebar-layout":"default","site-content-layout":"default","ast-site-content-layout":"default","site-content-style":"default","site-sidebar-style":"default","ast-global-header-display":"","ast-banner-title-visibility":"","ast-main-header-display":"","ast-hfb-above-header-display":"","ast-hfb-below-header-display":"","ast-hfb-mobile-header-display":"","site-post-title":"","ast-breadcrumbs-content":"","ast-featured-img":"","footer-sml-layout":"","ast-disable-related-posts":"","theme-transparent-header-meta":"default","adv-header-id-meta":"","stick-header-meta":"default","header-above-stick-meta":"","header-main-stick-meta":"","header-below-stick-meta":"","astra-migrate-meta-layouts":"set","ast-page-background-enabled":"default","ast-page-background-meta":{"desktop":{"background-color":"var(--ast-global-color-4)","background-image":"","background-repeat":"repeat","background-position":"center center","background-size":"auto","background-attachment":"scroll","background-type":"","background-media":"","overlay-type":"","overlay-color":"","overlay-opacity":"","overlay-gradient":""},"tablet":{"background-color":"","background-image":"","background-repeat":"repeat","background-position":"center center","background-size":"auto","background-attachment":"scroll","background-type":"","background-media":"","overlay-type":"","overlay-color":"","overlay-opacity":"","overlay-gradient":""},"mobile":{"background-color":"","background-image":"","background-repeat":"repeat","background-position":"center center","background-size":"auto","background-attachment":"scroll","background-type":"","background-media":"","overlay-type":"","overlay-color":"","overlay-opacity":"","overlay-gradient":""}},"ast-content-background-meta":{"desktop":{"background-color":"var(--ast-global-color-5)","background-image":"","background-repeat":"repeat","background-position":"center center","background-size":"auto","background-attachment":"scroll","background-type":"","background-media":"","overlay-type":"","overlay-color":"","overlay-opacity":"","overlay-gradient":""},"tablet":{"background-color":"var(--ast-global-color-5)","background-image":"","background-repeat":"repeat","background-position":"center center","background-size":"auto","background-attachment":"scroll","background-type":"","background-media":"","overlay-type":"","overlay-color":"","overlay-opacity":"","overlay-gradient":""},"mobile":{"background-color":"var(--ast-global-color-5)","background-image":"","background-repeat":"repeat","background-position":"center center","background-size":"auto","background-attachment":"scroll","background-type":"","background-media":"","overlay-type":"","overlay-color":"","overlay-opacity":"","overlay-gradient":""}},"iawp_total_views":2904,"footnotes":""},"class_list":["post-158","page","type-page","status-publish","hentry"],"_links":{"self":[{"href":"https:\/\/www.lufo-info-day.de\/index.php\/wp-json\/wp\/v2\/pages\/158","targetHints":{"allow":["GET"]}}],"collection":[{"href":"https:\/\/www.lufo-info-day.de\/index.php\/wp-json\/wp\/v2\/pages"}],"about":[{"href":"https:\/\/www.lufo-info-day.de\/index.php\/wp-json\/wp\/v2\/types\/page"}],"author":[{"embeddable":true,"href":"https:\/\/www.lufo-info-day.de\/index.php\/wp-json\/wp\/v2\/users\/1"}],"replies":[{"embeddable":true,"href":"https:\/\/www.lufo-info-day.de\/index.php\/wp-json\/wp\/v2\/comments?post=158"}],"version-history":[{"count":288,"href":"https:\/\/www.lufo-info-day.de\/index.php\/wp-json\/wp\/v2\/pages\/158\/revisions"}],"predecessor-version":[{"id":1146,"href":"https:\/\/www.lufo-info-day.de\/index.php\/wp-json\/wp\/v2\/pages\/158\/revisions\/1146"}],"wp:attachment":[{"href":"https:\/\/www.lufo-info-day.de\/index.php\/wp-json\/wp\/v2\/media?parent=158"}],"curies":[{"name":"wp","href":"https:\/\/api.w.org\/{rel}","templated":true}]}}